{"id":17743,"date":"2022-09-01T12:23:10","date_gmt":"2022-09-01T10:23:10","guid":{"rendered":"https:\/\/www-dev.voztele.com\/?page_id=17743"},"modified":"2023-04-05T13:40:59","modified_gmt":"2023-04-05T11:40:59","slug":"reconeixements","status":"publish","type":"page","link":"https:\/\/www.gammacom.es\/ca\/reconeixements\/","title":{"rendered":"Reconeixements"},"content":{"rendered":"[vc_row type=&#8221;full_width_background&#8221; full_screen_row_position=&#8221;middle&#8221; bg_color=&#8221;#ffffff&#8221; scene_position=&#8221;center&#8221; text_color=&#8221;light&#8221; text_align=&#8221;left&#8221; top_padding=&#8221;3%&#8221; bottom_padding=&#8221;2%&#8221; overlay_strength=&#8221;0.3&#8243; shape_divider_position=&#8221;bottom&#8221; bg_image_animation=&#8221;none&#8221; shape_type=&#8221;&#8221;][vc_column column_padding=&#8221;no-extra-padding&#8221; column_padding_position=&#8221;all&#8221; background_color_opacity=&#8221;1&#8243; background_hover_color_opacity=&#8221;1&#8243; column_link_target=&#8221;_self&#8221; column_shadow=&#8221;none&#8221; column_border_radius=&#8221;none&#8221; el_class=&#8221;rel=&#8220;stylesheet&#8220; href=&#8220;https:\/\/use.typekit.net\/wro5tma.css&#8220;&#8221; width=&#8221;1\/1&#8243; tablet_width_inherit=&#8221;default&#8221; tablet_text_alignment=&#8221;default&#8221; phone_text_alignment=&#8221;default&#8221; column_border_width=&#8221;none&#8221; column_border_style=&#8221;solid&#8221; bg_image_animation=&#8221;none&#8221;][vc_row_inner equal_height=&#8221;yes&#8221; content_placement=&#8221;middle&#8221; column_margin=&#8221;default&#8221; top_padding=&#8221;1%&#8221; text_align=&#8221;left&#8221;][vc_column_inner column_padding=&#8221;padding-1-percent&#8221; column_padding_position=&#8221;all&#8221; background_color_opacity=&#8221;1&#8243; background_hover_color_opacity=&#8221;1&#8243; font_color=&#8221;#1c1c1c&#8221; column_shadow=&#8221;none&#8221; column_border_radius=&#8221;none&#8221; column_link_target=&#8221;_self&#8221; width=&#8221;1\/1&#8243; tablet_width_inherit=&#8221;default&#8221; column_border_width=&#8221;none&#8221; column_border_style=&#8221;solid&#8221; bg_image_animation=&#8221;none&#8221;][split_line_heading]\n<h4><span style=\"font-family: Arial, Helvetica, sans-serif;\"><strong>M\u00e9s de 20 anys de reconeixements<\/strong><\/span><\/h4>\n[\/split_line_heading][split_line_heading]\n<h1><span style=\"font-family: Arial, Helvetica, sans-serif; color: #6800d2;\">Els serveis al n\u00favol m\u00e9s premiats d&#8217;Europa<\/span><\/h1>\n[\/split_line_heading][split_line_heading]<span style=\"font-family: Arial, Helvetica, sans-serif; color: #000000;\">L&#8217;important esfor\u00e7 i inversi\u00f3 continuada en R+D realitzat des del seu naixement <strong>ha perm\u00e8s que Gamma, abans sota la marca de VozTelecom, sigui una de les empreses m\u00e9s innovadores del sector VoIP.<\/strong> Aquest aspecte li ha estat reconegut amb diversos premis internacionals, com el Product of the Year que li va atorgar la revista Internet Telephony Magazine l&#8217;any 2006, 2007 i 2015; el Cloud Computing Backup and Disaster Recovery Award l&#8217;any 2014 i el Premi al Producte de l&#8217;Any 2009 i 2011 de la revista Unified Communications Magazine, entre altres. A m\u00e9s, l&#8217;any 2017 se li va atorgar el premi TMC Labs Innovation Awards i el 2018 la prestigiosa consultora Frost &amp; Sullivan l&#8217;ha nomenat Companyia Emprenedora 2018 en comunicacions al n\u00favol. Aix\u00ed mateix, Gamma ha format part tamb\u00e9 de la prestigiosa llista Pulver 100, que nomina a les 100 principals companyies del sector VoIP.<\/span>[\/split_line_heading][divider line_type=&#8221;No Line&#8221; custom_height=&#8221;10&#8243;][\/vc_column_inner][\/vc_row_inner][\/vc_column][\/vc_row][vc_row type=&#8221;full_width_background&#8221; full_screen_row_position=&#8221;middle&#8221; bg_color=&#8221;#e5e5e5&#8243; scene_position=&#8221;center&#8221; text_color=&#8221;dark&#8221; text_align=&#8221;left&#8221; overlay_strength=&#8221;0.3&#8243; shape_divider_color=&#8221;#f49e00&#8243; shape_divider_position=&#8221;both&#8221; shape_divider_height=&#8221;2&#8243; shape_divider_bring_to_front=&#8221;true&#8221; bg_image_animation=&#8221;none&#8221; shape_type=&#8221;straight_section&#8221;][vc_column column_padding=&#8221;no-extra-padding&#8221; column_padding_position=&#8221;all&#8221; background_color_opacity=&#8221;1&#8243; background_hover_color_opacity=&#8221;1&#8243; column_link_target=&#8221;_self&#8221; column_shadow=&#8221;none&#8221; column_border_radius=&#8221;none&#8221; width=&#8221;1\/1&#8243; tablet_width_inherit=&#8221;default&#8221; tablet_text_alignment=&#8221;default&#8221; phone_text_alignment=&#8221;default&#8221; column_border_width=&#8221;none&#8221; column_border_style=&#8221;solid&#8221; bg_image_animation=&#8221;none&#8221;][divider line_type=&#8221;No Line&#8221; custom_height=&#8221;20&#8243;][divider line_type=&#8221;No Line&#8221; custom_height=&#8221;20&#8243;][vc_custom_heading text=&#8221;Descobreix m\u00e9s informaci\u00f3 sobre els nostres premis!&#8221; font_container=&#8221;tag:h2|font_size:31|text_align:center|color:%236800d2&#8243; use_theme_fonts=&#8221;yes&#8221;][divider line_type=&#8221;No Line&#8221; custom_height=&#8221;20&#8243;][divider line_type=&#8221;No Line&#8221; custom_height=&#8221;20&#8243;][vc_row_inner column_margin=&#8221;default&#8221; text_align=&#8221;left&#8221;][vc_column_inner column_padding=&#8221;no-extra-padding&#8221; column_padding_position=&#8221;all&#8221; background_color_opacity=&#8221;1&#8243; background_hover_color_opacity=&#8221;1&#8243; column_shadow=&#8221;none&#8221; column_border_radius=&#8221;none&#8221; column_link_target=&#8221;_self&#8221; boxed=&#8221;true&#8221; width=&#8221;1\/3&#8243; tablet_width_inherit=&#8221;default&#8221; column_border_width=&#8221;none&#8221; column_border_style=&#8221;solid&#8221; bg_image_animation=&#8221;fade-in&#8221; enable_animation=&#8221;true&#8221; animation=&#8221;fade-in&#8221;][image_with_animation image_url=&#8221;8693&#8243; alignment=&#8221;&#8221; animation=&#8221;Fade In&#8221; border_radius=&#8221;none&#8221; box_shadow=&#8221;none&#8221; max_width=&#8221;100%&#8221; img_link=&#8221;https:\/\/blog.voztele.com\/2016\/01\/18\/Gamma-recibe-el-distintivo-de-pyme-innovadora-otorgado-por-el-ministerio-de-economia-y-competitividad\/&#8221;][vc_column_text]<span style=\"font-family: Arial, Helvetica, sans-serif; color: #000000;\">VozTelecom ha estat acreditada com a PIME INNOVADORA, un reconeixement que atorga el Ministeri d&#8217;Economia i Competitivitat en relaci\u00f3 amb l&#8217;activitat i inversions en R+D+I que ha realitzat la companyia&#8230;<\/span>[\/vc_column_text][nectar_btn size=&#8221;small&#8221; open_new_tab=&#8221;true&#8221; button_style=&#8221;regular-tilt&#8221; button_color=&#8221;Accent-Color&#8221; icon_family=&#8221;iconsmind&#8221; url=&#8221;https:\/\/blog.voztele.com\/2016\/01\/18\/Gamma-recibe-el-distintivo-de-pyme-innovadora-otorgado-por-el-ministerio-de-economia-y-competitividad\/&#8221; text=&#8221;M\u00e9s informaci\u00f3&#8221; icon_iconsmind=&#8221;iconsmind-Left-ToRight&#8221;][\/vc_column_inner][vc_column_inner column_padding=&#8221;no-extra-padding&#8221; column_padding_position=&#8221;all&#8221; background_color_opacity=&#8221;1&#8243; background_hover_color_opacity=&#8221;1&#8243; column_shadow=&#8221;none&#8221; column_border_radius=&#8221;none&#8221; column_link_target=&#8221;_self&#8221; boxed=&#8221;true&#8221; width=&#8221;1\/3&#8243; tablet_width_inherit=&#8221;default&#8221; column_border_width=&#8221;none&#8221; column_border_style=&#8221;solid&#8221; bg_image_animation=&#8221;fade-in&#8221; enable_animation=&#8221;true&#8221; animation=&#8221;fade-in&#8221;][image_with_animation image_url=&#8221;8691&#8243; alignment=&#8221;&#8221; animation=&#8221;Fade In&#8221; border_radius=&#8221;none&#8221; box_shadow=&#8221;none&#8221; max_width=&#8221;100%&#8221; img_link=&#8221;https:\/\/blog.voztele.com\/2014\/10\/06\/oigaa-box-premiado-con-el-cloud-computing-backup-and-disaster-recovery-award-2014-de-tmc\/&#8221;][vc_column_text]<span style=\"font-family: Arial, Helvetica, sans-serif; color: #000000;\">El servei d&#8217;emmagatzemament h\u00edbrid Box de VozTelecom ha estat guardonat amb el premi \u201cCloud Computing Backup and Disaster Recovery Award 2014\u201d, per les seves altes prestacions en c\u00f2pies de seguretat i recuperaci\u00f3 de dades&#8230;<\/span>[\/vc_column_text][nectar_btn size=&#8221;small&#8221; open_new_tab=&#8221;true&#8221; button_style=&#8221;regular-tilt&#8221; button_color=&#8221;Accent-Color&#8221; icon_family=&#8221;iconsmind&#8221; url=&#8221;https:\/\/blog.voztele.com\/2014\/10\/06\/oigaa-box-premiado-con-el-cloud-computing-backup-and-disaster-recovery-award-2014-de-tmc\/&#8221; text=&#8221;M\u00e9s informaci\u00f3&#8221; icon_iconsmind=&#8221;iconsmind-Left-ToRight&#8221;][\/vc_column_inner][vc_column_inner column_padding=&#8221;no-extra-padding&#8221; column_padding_position=&#8221;all&#8221; background_color_opacity=&#8221;1&#8243; background_hover_color_opacity=&#8221;1&#8243; column_shadow=&#8221;none&#8221; column_border_radius=&#8221;none&#8221; column_link_target=&#8221;_self&#8221; boxed=&#8221;true&#8221; width=&#8221;1\/3&#8243; tablet_width_inherit=&#8221;default&#8221; column_border_width=&#8221;none&#8221; column_border_style=&#8221;solid&#8221; bg_image_animation=&#8221;fade-in&#8221; enable_animation=&#8221;true&#8221; animation=&#8221;fade-in&#8221;][image_with_animation image_url=&#8221;8689&#8243; alignment=&#8221;&#8221; animation=&#8221;Fade In&#8221; img_link_target=&#8221;_blank&#8221; border_radius=&#8221;none&#8221; box_shadow=&#8221;none&#8221; max_width=&#8221;100%&#8221; img_link=&#8221;https:\/\/blog.voztele.com\/2015\/02\/04\/oigaa-centrex-gana-el-premio-2015-internet-telephony-product-of-the-year-award\/&#8221;][vc_column_text]<span style=\"color: #000000; font-family: Arial, Helvetica, sans-serif;\">La companyia de m\u00e0rqueting tecnol\u00f2gic TMC.net i editora de la prestigiosa revista Internet Telephony magazine, ha concedit el premi Producte de l&#8217;Any 2015 a Centrex, el servei de centraleta virtual de VozTelecom\u2026<\/span>[\/vc_column_text][nectar_btn size=&#8221;small&#8221; open_new_tab=&#8221;true&#8221; button_style=&#8221;regular-tilt&#8221; button_color=&#8221;Accent-Color&#8221; icon_family=&#8221;iconsmind&#8221; url=&#8221;https:\/\/blog.voztele.com\/2015\/02\/04\/oigaa-centrex-gana-el-premio-2015-internet-telephony-product-of-the-year-award\/&#8221; text=&#8221;M\u00e9s informaci\u00f3&#8221; icon_iconsmind=&#8221;iconsmind-Left-ToRight&#8221;][\/vc_column_inner][\/vc_row_inner][vc_row_inner column_margin=&#8221;default&#8221; text_align=&#8221;left&#8221;][vc_column_inner column_padding=&#8221;no-extra-padding&#8221; column_padding_position=&#8221;all&#8221; background_color_opacity=&#8221;1&#8243; background_hover_color_opacity=&#8221;1&#8243; column_shadow=&#8221;none&#8221; column_border_radius=&#8221;none&#8221; column_link_target=&#8221;_self&#8221; boxed=&#8221;true&#8221; width=&#8221;1\/4&#8243; tablet_width_inherit=&#8221;default&#8221; column_border_width=&#8221;none&#8221; column_border_style=&#8221;solid&#8221; bg_image_animation=&#8221;fade-in&#8221; enable_animation=&#8221;true&#8221; animation=&#8221;fade-in&#8221;][image_with_animation image_url=&#8221;8696&#8243; alignment=&#8221;&#8221; animation=&#8221;Fade In&#8221; border_radius=&#8221;none&#8221; box_shadow=&#8221;none&#8221; max_width=&#8221;100%&#8221; img_link=&#8221;https:\/\/blog.voztele.com\/2016\/01\/18\/Gamma-recibe-el-distintivo-de-pyme-innovadora-otorgado-por-el-ministerio-de-economia-y-competitividad\/&#8221;][image_with_animation image_url=&#8221;8698&#8243; alignment=&#8221;&#8221; animation=&#8221;Fade In&#8221; border_radius=&#8221;none&#8221; box_shadow=&#8221;none&#8221; max_width=&#8221;100%&#8221; img_link=&#8221;https:\/\/blog.voztele.com\/2016\/01\/18\/Gamma-recibe-el-distintivo-de-pyme-innovadora-otorgado-por-el-ministerio-de-economia-y-competitividad\/&#8221;][\/vc_column_inner][vc_column_inner column_padding=&#8221;no-extra-padding&#8221; column_padding_position=&#8221;all&#8221; background_color_opacity=&#8221;1&#8243; background_hover_color_opacity=&#8221;1&#8243; column_shadow=&#8221;none&#8221; column_border_radius=&#8221;none&#8221; column_link_target=&#8221;_self&#8221; boxed=&#8221;true&#8221; width=&#8221;3\/4&#8243; tablet_width_inherit=&#8221;default&#8221; column_border_width=&#8221;none&#8221; column_border_style=&#8221;solid&#8221; bg_image_animation=&#8221;fade-in&#8221; enable_animation=&#8221;true&#8221; animation=&#8221;fade-in&#8221;][vc_column_text]<span style=\"font-family: Arial, Helvetica, sans-serif; color: #000000;\">VozTelecom SISTEMAS SL participa en el projecte eyeOFFICE: ESCRIPTORI VIRTUAL PROFESSIONAL INTEGRAT EN CLOUD, expedient TSI-020603-2012-28, desenvolupat en col\u00b7laboraci\u00f3 amb les empreses EYEOS S.L. i Mas Movil Telecom 3.0, S.A. (anteriorment PASSWORDBANK TECHNOLOGIES, S.L.), que est\u00e0 sent cofinan\u00e7at pel Ministeri d&#8217;Ind\u00fastria, Energia i Turisme, dins del Pla Nacional de Recerca Cient\u00edfica, desenvolupament i Innovaci\u00f3 Tecnol\u00f2gica 2008-2011.<\/span><\/p>\n<p><span style=\"font-family: Arial, Helvetica, sans-serif; color: #000000;\">VozTelecom SISTEMES SL participa en el projecte 4PLAY: BANDA AMPLA, TELEFONIA FIXA, TELEFONIA M\u00d2BIL I TELEVISI\u00d3 EN ZONES SENSE ACC\u00c9S A TELECOMUNICACIONS PER OPERADORS TRADICIONALS, expedient TSI-020100-2011-0401, desenvolupat en col\u00b7laboraci\u00f3 amb les empreses MAS MOVIL TELECOM 3.0 S.A. , AGILE CONTENTS S.L., SERVIPYME SOLUCIONES EMPRESARIALES S.L. i la UNIVERSIDAD DE EXTREMADURA, que est\u00e0 sent cofinan\u00e7at pel Ministeri d&#8217;Ind\u00fastria, Energia i Turisme, dins del Pla Nacional de Recerca Cient\u00edfica, desenvolupament i Innovaci\u00f3 Tecnol\u00f2gica 2008-2011.<\/span><\/p>\n<p><span style=\"font-family: Arial, Helvetica, sans-serif; color: #000000;\">VozTelecom SISTEMES SL participa en el projecte EINA DE SELECCI\u00d3 DE PROVE\u00cfDORS DE XARXA PER A TRUCADES INTERNACIONALS EN TEMPS REAL, expedient TSI-020601-2012-93, desenvolupat en col\u00b7laboraci\u00f3 amb les empreses QUANTUM TELECOM i MAS MOVIL TELECOM 3.0 S.A., que est\u00e0 sent cofinan\u00e7at pel Ministeri d&#8217;Ind\u00fastria, Energia i Turisme, dins del Pla Nacional de Recerca Cient\u00edfica, desenvolupament i Innovaci\u00f3 Tecnol\u00f2gica 2008-2011.<\/span><\/p>\n<p><span style=\"font-family: Arial, Helvetica, sans-serif; color: #000000;\">VozTelecom SISTEMES SL participa en el projecte INTEGRATED MOBILE VIRTUAL VOICE DATA COMMUNICATION PATH (VYMKA), expedient TSI-100102-2013-79, desenvolupat en col\u00b7laboraci\u00f3 amb les empreses MAS MOVIL TELECOM 3.0 S.A. i YUILOP, S.L., que est\u00e0 sent cofinan\u00e7at pel Ministeri d&#8217;Ind\u00fastria, Energia i Turisme, dins del Pla Nacional de Recerca Cient\u00edfica, desenvolupament i Innovaci\u00f3 Tecnol\u00f2gica 2008-2011.<\/span><\/p>\n<p><span style=\"font-family: Arial, Helvetica, sans-serif; color: #000000;\">VozTelecom tamb\u00e9 ha comptat amb el finan\u00e7ament d&#8217;Enisa i del Fons Europeu de Desenvolupament Regional (FEDER).<\/span>[\/vc_column_text][\/vc_column_inner][\/vc_row_inner][divider line_type=&#8221;No Line&#8221; custom_height=&#8221;20&#8243;][\/vc_column][\/vc_row]\n","protected":false},"excerpt":{"rendered":"<p>[vc_row type=&#8221;full_width_background&#8221; full_screen_row_position=&#8221;middle&#8221; bg_color=&#8221;#ffffff&#8221; scene_position=&#8221;center&#8221; text_color=&#8221;light&#8221; text_align=&#8221;left&#8221; top_padding=&#8221;3%&#8221; bottom_padding=&#8221;2%&#8221; overlay_strength=&#8221;0.3&#8243; shape_divider_position=&#8221;bottom&#8221; bg_image_animation=&#8221;none&#8221; shape_type=&#8221;&#8221;][vc_column column_padding=&#8221;no-extra-padding&#8221; column_padding_position=&#8221;all&#8221; background_color_opacity=&#8221;1&#8243; background_hover_color_opacity=&#8221;1&#8243; column_link_target=&#8221;_self&#8221; column_shadow=&#8221;none&#8221; column_border_radius=&#8221;none&#8221; el_class=&#8221;rel=&#8220;stylesheet&#8220; href=&#8220;https:\/\/use.typekit.net\/wro5tma.css&#8220;&#8221; width=&#8221;1\/1&#8243; tablet_width_inherit=&#8221;default&#8221; tablet_text_alignment=&#8221;default&#8221; phone_text_alignment=&#8221;default&#8221; column_border_width=&#8221;none&#8221; column_border_style=&#8221;solid&#8221; bg_image_animation=&#8221;none&#8221;][vc_row_inner equal_height=&#8221;yes&#8221;&#8230;<\/p>\n","protected":false},"author":2,"featured_media":0,"parent":0,"menu_order":0,"comment_status":"closed","ping_status":"closed","template":"","meta":{"footnotes":""},"class_list":["post-17743","page","type-page","status-publish"],"yoast_head":"<!-- This site is optimized with the Yoast SEO plugin v26.1 - https:\/\/yoast.com\/wordpress\/plugins\/seo\/ -->\n<title>Reconeixements - Gamma<\/title>\n<meta name=\"robots\" content=\"index, follow, max-snippet:-1, max-image-preview:large, max-video-preview:-1\" \/>\n<link rel=\"canonical\" href=\"https:\/\/www.gammacom.es\/ca\/reconeixements\/\" \/>\n<meta property=\"og:locale\" content=\"ca_ES\" \/>\n<meta property=\"og:type\" content=\"article\" \/>\n<meta property=\"og:title\" content=\"Reconeixements - Gamma\" \/>\n<meta property=\"og:description\" content=\"[vc_row type=&#8221;full_width_background&#8221; full_screen_row_position=&#8221;middle&#8221; bg_color=&#8221;#ffffff&#8221; scene_position=&#8221;center&#8221; text_color=&#8221;light&#8221; text_align=&#8221;left&#8221; top_padding=&#8221;3%&#8221; bottom_padding=&#8221;2%&#8221; overlay_strength=&#8221;0.3&#8243; shape_divider_position=&#8221;bottom&#8221; bg_image_animation=&#8221;none&#8221; shape_type=&#8221;&#8221;][vc_column column_padding=&#8221;no-extra-padding&#8221; column_padding_position=&#8221;all&#8221; background_color_opacity=&#8221;1&#8243; background_hover_color_opacity=&#8221;1&#8243; column_link_target=&#8221;_self&#8221; column_shadow=&#8221;none&#8221; column_border_radius=&#8221;none&#8221; el_class=&#8221;rel=&#8220;stylesheet&#8220; href=&#8220;https:\/\/use.typekit.net\/wro5tma.css&#8220;&#8221; width=&#8221;1\/1&#8243; tablet_width_inherit=&#8221;default&#8221; tablet_text_alignment=&#8221;default&#8221; phone_text_alignment=&#8221;default&#8221; column_border_width=&#8221;none&#8221; column_border_style=&#8221;solid&#8221; bg_image_animation=&#8221;none&#8221;][vc_row_inner equal_height=&#8221;yes&#8221;...\" \/>\n<meta property=\"og:url\" content=\"https:\/\/www.gammacom.es\/ca\/reconeixements\/\" \/>\n<meta property=\"og:site_name\" content=\"Gamma\" \/>\n<meta property=\"article:publisher\" content=\"https:\/\/www.facebook.com\/gammacom.es\" \/>\n<meta property=\"article:modified_time\" content=\"2023-04-05T11:40:59+00:00\" \/>\n<meta name=\"twitter:card\" content=\"summary_large_image\" \/>\n<meta name=\"twitter:site\" content=\"@gammacom_es\" \/>\n<meta name=\"twitter:label1\" content=\"Est. reading time\" \/>\n\t<meta name=\"twitter:data1\" content=\"4 minutes\" \/>\n<script type=\"application\/ld+json\" class=\"yoast-schema-graph\">{\"@context\":\"https:\/\/schema.org\",\"@graph\":[{\"@type\":\"WebPage\",\"@id\":\"https:\/\/www.gammacom.es\/ca\/reconeixements\/\",\"url\":\"https:\/\/www.gammacom.es\/ca\/reconeixements\/\",\"name\":\"Reconeixements - Gamma\",\"isPartOf\":{\"@id\":\"https:\/\/www.gammacom.es\/#website\"},\"datePublished\":\"2022-09-01T10:23:10+00:00\",\"dateModified\":\"2023-04-05T11:40:59+00:00\",\"breadcrumb\":{\"@id\":\"https:\/\/www.gammacom.es\/ca\/reconeixements\/#breadcrumb\"},\"inLanguage\":\"ca\",\"potentialAction\":[{\"@type\":\"ReadAction\",\"target\":[\"https:\/\/www.gammacom.es\/ca\/reconeixements\/\"]}]},{\"@type\":\"BreadcrumbList\",\"@id\":\"https:\/\/www.gammacom.es\/ca\/reconeixements\/#breadcrumb\",\"itemListElement\":[{\"@type\":\"ListItem\",\"position\":1,\"name\":\"Portada\",\"item\":\"https:\/\/www.gammacom.es\/ca\/\"},{\"@type\":\"ListItem\",\"position\":2,\"name\":\"Reconeixements\"}]},{\"@type\":\"WebSite\",\"@id\":\"https:\/\/www.gammacom.es\/#website\",\"url\":\"https:\/\/www.gammacom.es\/\",\"name\":\"Gamma\",\"description\":\"L&#039;operador de comunicacions per a empreses\",\"publisher\":{\"@id\":\"https:\/\/www.gammacom.es\/#organization\"},\"potentialAction\":[{\"@type\":\"SearchAction\",\"target\":{\"@type\":\"EntryPoint\",\"urlTemplate\":\"https:\/\/www.gammacom.es\/?s={search_term_string}\"},\"query-input\":{\"@type\":\"PropertyValueSpecification\",\"valueRequired\":true,\"valueName\":\"search_term_string\"}}],\"inLanguage\":\"ca\"},{\"@type\":\"Organization\",\"@id\":\"https:\/\/www.gammacom.es\/#organization\",\"name\":\"Gamma\",\"url\":\"https:\/\/www.gammacom.es\/\",\"logo\":{\"@type\":\"ImageObject\",\"inLanguage\":\"ca\",\"@id\":\"https:\/\/www.gammacom.es\/#\/schema\/logo\/image\/\",\"url\":\"https:\/\/www.gammacom.es\/wp-content\/uploads\/2023\/06\/gamma-mobile-collaborate.jpg\",\"contentUrl\":\"https:\/\/www.gammacom.es\/wp-content\/uploads\/2023\/06\/gamma-mobile-collaborate.jpg\",\"width\":696,\"height\":696,\"caption\":\"Gamma\"},\"image\":{\"@id\":\"https:\/\/www.gammacom.es\/#\/schema\/logo\/image\/\"},\"sameAs\":[\"https:\/\/www.facebook.com\/gammacom.es\",\"https:\/\/x.com\/gammacom_es\"]}]}<\/script>\n<!-- \/ Yoast SEO plugin. -->","yoast_head_json":{"title":"Reconeixements - Gamma","robots":{"index":"index","follow":"follow","max-snippet":"max-snippet:-1","max-image-preview":"max-image-preview:large","max-video-preview":"max-video-preview:-1"},"canonical":"https:\/\/www.gammacom.es\/ca\/reconeixements\/","og_locale":"ca_ES","og_type":"article","og_title":"Reconeixements - Gamma","og_description":"[vc_row type=&#8221;full_width_background&#8221; full_screen_row_position=&#8221;middle&#8221; bg_color=&#8221;#ffffff&#8221; scene_position=&#8221;center&#8221; text_color=&#8221;light&#8221; text_align=&#8221;left&#8221; top_padding=&#8221;3%&#8221; bottom_padding=&#8221;2%&#8221; overlay_strength=&#8221;0.3&#8243; shape_divider_position=&#8221;bottom&#8221; bg_image_animation=&#8221;none&#8221; shape_type=&#8221;&#8221;][vc_column column_padding=&#8221;no-extra-padding&#8221; column_padding_position=&#8221;all&#8221; background_color_opacity=&#8221;1&#8243; background_hover_color_opacity=&#8221;1&#8243; column_link_target=&#8221;_self&#8221; column_shadow=&#8221;none&#8221; column_border_radius=&#8221;none&#8221; el_class=&#8221;rel=&#8220;stylesheet&#8220; href=&#8220;https:\/\/use.typekit.net\/wro5tma.css&#8220;&#8221; width=&#8221;1\/1&#8243; tablet_width_inherit=&#8221;default&#8221; tablet_text_alignment=&#8221;default&#8221; phone_text_alignment=&#8221;default&#8221; column_border_width=&#8221;none&#8221; column_border_style=&#8221;solid&#8221; bg_image_animation=&#8221;none&#8221;][vc_row_inner equal_height=&#8221;yes&#8221;...","og_url":"https:\/\/www.gammacom.es\/ca\/reconeixements\/","og_site_name":"Gamma","article_publisher":"https:\/\/www.facebook.com\/gammacom.es","article_modified_time":"2023-04-05T11:40:59+00:00","twitter_card":"summary_large_image","twitter_site":"@gammacom_es","twitter_misc":{"Est. reading time":"4 minutes"},"schema":{"@context":"https:\/\/schema.org","@graph":[{"@type":"WebPage","@id":"https:\/\/www.gammacom.es\/ca\/reconeixements\/","url":"https:\/\/www.gammacom.es\/ca\/reconeixements\/","name":"Reconeixements - Gamma","isPartOf":{"@id":"https:\/\/www.gammacom.es\/#website"},"datePublished":"2022-09-01T10:23:10+00:00","dateModified":"2023-04-05T11:40:59+00:00","breadcrumb":{"@id":"https:\/\/www.gammacom.es\/ca\/reconeixements\/#breadcrumb"},"inLanguage":"ca","potentialAction":[{"@type":"ReadAction","target":["https:\/\/www.gammacom.es\/ca\/reconeixements\/"]}]},{"@type":"BreadcrumbList","@id":"https:\/\/www.gammacom.es\/ca\/reconeixements\/#breadcrumb","itemListElement":[{"@type":"ListItem","position":1,"name":"Portada","item":"https:\/\/www.gammacom.es\/ca\/"},{"@type":"ListItem","position":2,"name":"Reconeixements"}]},{"@type":"WebSite","@id":"https:\/\/www.gammacom.es\/#website","url":"https:\/\/www.gammacom.es\/","name":"Gamma","description":"L&#039;operador de comunicacions per a empreses","publisher":{"@id":"https:\/\/www.gammacom.es\/#organization"},"potentialAction":[{"@type":"SearchAction","target":{"@type":"EntryPoint","urlTemplate":"https:\/\/www.gammacom.es\/?s={search_term_string}"},"query-input":{"@type":"PropertyValueSpecification","valueRequired":true,"valueName":"search_term_string"}}],"inLanguage":"ca"},{"@type":"Organization","@id":"https:\/\/www.gammacom.es\/#organization","name":"Gamma","url":"https:\/\/www.gammacom.es\/","logo":{"@type":"ImageObject","inLanguage":"ca","@id":"https:\/\/www.gammacom.es\/#\/schema\/logo\/image\/","url":"https:\/\/www.gammacom.es\/wp-content\/uploads\/2023\/06\/gamma-mobile-collaborate.jpg","contentUrl":"https:\/\/www.gammacom.es\/wp-content\/uploads\/2023\/06\/gamma-mobile-collaborate.jpg","width":696,"height":696,"caption":"Gamma"},"image":{"@id":"https:\/\/www.gammacom.es\/#\/schema\/logo\/image\/"},"sameAs":["https:\/\/www.facebook.com\/gammacom.es","https:\/\/x.com\/gammacom_es"]}]}},"_links":{"self":[{"href":"https:\/\/www.gammacom.es\/ca\/wp-json\/wp\/v2\/pages\/17743","targetHints":{"allow":["GET"]}}],"collection":[{"href":"https:\/\/www.gammacom.es\/ca\/wp-json\/wp\/v2\/pages"}],"about":[{"href":"https:\/\/www.gammacom.es\/ca\/wp-json\/wp\/v2\/types\/page"}],"author":[{"embeddable":true,"href":"https:\/\/www.gammacom.es\/ca\/wp-json\/wp\/v2\/users\/2"}],"replies":[{"embeddable":true,"href":"https:\/\/www.gammacom.es\/ca\/wp-json\/wp\/v2\/comments?post=17743"}],"version-history":[{"count":0,"href":"https:\/\/www.gammacom.es\/ca\/wp-json\/wp\/v2\/pages\/17743\/revisions"}],"wp:attachment":[{"href":"https:\/\/www.gammacom.es\/ca\/wp-json\/wp\/v2\/media?parent=17743"}],"curies":[{"name":"wp","href":"https:\/\/api.w.org\/{rel}","templated":true}]}}