{"id":17669,"date":"2022-08-04T17:43:06","date_gmt":"2022-08-04T15:43:06","guid":{"rendered":"https:\/\/www-dev.voztele.com\/?page_id=17669"},"modified":"2022-11-07T11:14:09","modified_gmt":"2022-11-07T10:14:09","slug":"treballa-amb-nosaltres","status":"publish","type":"page","link":"https:\/\/www.gammacom.es\/ca\/treballa-amb-nosaltres\/","title":{"rendered":"Treballa amb nosaltres"},"content":{"rendered":"[vc_row type=&#8221;full_width_background&#8221; full_screen_row_position=&#8221;middle&#8221; bg_color=&#8221;#ffffff&#8221; scene_position=&#8221;center&#8221; text_color=&#8221;light&#8221; text_align=&#8221;left&#8221; top_padding=&#8221;3%&#8221; bottom_padding=&#8221;2%&#8221; overlay_strength=&#8221;0.3&#8243; shape_divider_position=&#8221;bottom&#8221; bg_image_animation=&#8221;none&#8221; shape_type=&#8221;&#8221;][vc_column column_padding=&#8221;no-extra-padding&#8221; column_padding_position=&#8221;all&#8221; background_color_opacity=&#8221;1&#8243; background_hover_color_opacity=&#8221;1&#8243; column_link_target=&#8221;_self&#8221; column_shadow=&#8221;none&#8221; column_border_radius=&#8221;none&#8221; el_class=&#8221;rel=&#8220;stylesheet&#8220; href=&#8220;https:\/\/use.typekit.net\/wro5tma.css&#8220;&#8221; width=&#8221;1\/1&#8243; tablet_width_inherit=&#8221;default&#8221; tablet_text_alignment=&#8221;default&#8221; phone_text_alignment=&#8221;default&#8221; column_border_width=&#8221;none&#8221; column_border_style=&#8221;solid&#8221; bg_image_animation=&#8221;none&#8221;][vc_row_inner equal_height=&#8221;yes&#8221; content_placement=&#8221;middle&#8221; column_margin=&#8221;default&#8221; top_padding=&#8221;1%&#8221; text_align=&#8221;left&#8221;][vc_column_inner column_padding=&#8221;padding-1-percent&#8221; column_padding_position=&#8221;all&#8221; background_color_opacity=&#8221;1&#8243; background_hover_color_opacity=&#8221;1&#8243; font_color=&#8221;#1c1c1c&#8221; column_shadow=&#8221;none&#8221; column_border_radius=&#8221;none&#8221; column_link_target=&#8221;_self&#8221; width=&#8221;1\/1&#8243; tablet_width_inherit=&#8221;default&#8221; column_border_width=&#8221;none&#8221; column_border_style=&#8221;solid&#8221; bg_image_animation=&#8221;none&#8221;][split_line_heading]\n<h4><span style=\"font-family: Arial, Helvetica, sans-serif;\"><strong>Treballa amb nosaltres<\/strong><\/span><\/h4>\n[\/split_line_heading][split_line_heading]\n<h1><span style=\"font-family: Arial, Helvetica, sans-serif; color: #6800d2;\">T&#8217;agradaria treballar a Gamma, una empresa innovadora i en creixement?<\/span><\/h1>\n[\/split_line_heading][split_line_heading]<span style=\"font-family: Arial, Helvetica, sans-serif; color: #000000;\">Actualment, a Gamma estem en ple creixement, comptem amb milers d&#8217;usuaris actius i ens hem convertit en la companyia especialista en comunicacions cloud i l\u00edder en telefonia IP dins del segment de la petita i mitjana empresa a Espanya. Una posici\u00f3 aconseguida gr\u00e0cies a la bona feina de tot l&#8217;equip hum\u00e0 de l&#8217;empresa: clients, distribu\u00efdors i empleats. Per aquest motiu, la companyia t\u00e9 com un dels seus principals objectius aconseguir que els empleats gaudeixin del seu treball i es desenvolupin professionalment.<\/span>[\/split_line_heading][divider line_type=&#8221;No Line&#8221; custom_height=&#8221;10&#8243;][\/vc_column_inner][\/vc_row_inner][\/vc_column][\/vc_row][vc_row type=&#8221;full_width_content&#8221; full_screen_row_position=&#8221;middle&#8221; equal_height=&#8221;yes&#8221; content_placement=&#8221;middle&#8221; scene_position=&#8221;center&#8221; text_color=&#8221;dark&#8221; text_align=&#8221;left&#8221; overlay_strength=&#8221;0.3&#8243; enable_shape_divider=&#8221;true&#8221; shape_divider_color=&#8221;#6800d2&#8243; shape_divider_position=&#8221;top&#8221; shape_divider_height=&#8221;8&#8243; bg_image_animation=&#8221;none&#8221; shape_type=&#8221;straight_section&#8221;][vc_column centered_text=&#8221;true&#8221; column_padding=&#8221;padding-3-percent&#8221; column_padding_position=&#8221;all&#8221; background_color_opacity=&#8221;1&#8243; background_hover_color_opacity=&#8221;1&#8243; background_image=&#8221;15750&#8243; column_link_target=&#8221;_self&#8221; column_shadow=&#8221;none&#8221; column_border_radius=&#8221;none&#8221; width=&#8221;2\/3&#8243; tablet_width_inherit=&#8221;default&#8221; tablet_text_alignment=&#8221;default&#8221; phone_text_alignment=&#8221;default&#8221; column_border_width=&#8221;none&#8221; column_border_style=&#8221;solid&#8221; bg_image_animation=&#8221;none&#8221;][vc_row_inner column_margin=&#8221;default&#8221; text_align=&#8221;left&#8221;][vc_column_inner column_padding=&#8221;padding-4-percent&#8221; column_padding_position=&#8221;all&#8221; centered_text=&#8221;true&#8221; background_color=&#8221;#6800d2&#8243; background_color_opacity=&#8221;1&#8243; background_hover_color_opacity=&#8221;1&#8243; column_shadow=&#8221;none&#8221; column_border_radius=&#8221;3px&#8221; column_link_target=&#8221;_self&#8221; width=&#8221;2\/3&#8243; tablet_width_inherit=&#8221;default&#8221; column_border_width=&#8221;none&#8221; column_border_style=&#8221;solid&#8221; bg_image_animation=&#8221;none&#8221;][vc_custom_heading text=&#8221;Emplena el formulari i envia&#8217;ns el teu CV:&#8221; font_container=&#8221;tag:h2|font_size:31|text_align:left|color:%23fce300|line_height:1.2&#8243; use_theme_fonts=&#8221;yes&#8221; css_animation=&#8221;fadeIn&#8221;][\/vc_column_inner][vc_column_inner column_padding=&#8221;no-extra-padding&#8221; column_padding_position=&#8221;all&#8221; background_color_opacity=&#8221;1&#8243; background_hover_color_opacity=&#8221;1&#8243; column_shadow=&#8221;none&#8221; column_border_radius=&#8221;none&#8221; column_link_target=&#8221;_self&#8221; width=&#8221;1\/3&#8243; tablet_width_inherit=&#8221;default&#8221; column_border_width=&#8221;none&#8221; column_border_style=&#8221;solid&#8221; bg_image_animation=&#8221;none&#8221;][\/vc_column_inner][\/vc_row_inner][\/vc_column][vc_column column_padding=&#8221;padding-2-percent&#8221; column_padding_position=&#8221;all&#8221; background_color=&#8221;#ffffff&#8221; background_color_opacity=&#8221;1&#8243; background_color_hover=&#8221;#ffffff&#8221; background_hover_color_opacity=&#8221;1&#8243; column_link_target=&#8221;_self&#8221; column_shadow=&#8221;none&#8221; column_border_radius=&#8221;none&#8221; width=&#8221;1\/3&#8243; tablet_width_inherit=&#8221;default&#8221; tablet_text_alignment=&#8221;default&#8221; phone_text_alignment=&#8221;default&#8221; column_border_width=&#8221;none&#8221; column_border_style=&#8221;solid&#8221; bg_image_animation=&#8221;none&#8221;][vc_row_inner column_margin=&#8221;default&#8221; text_align=&#8221;left&#8221;][vc_column_inner column_padding=&#8221;padding-2-percent&#8221; column_padding_position=&#8221;all&#8221; background_color_opacity=&#8221;1&#8243; background_hover_color_opacity=&#8221;1&#8243; column_shadow=&#8221;none&#8221; column_border_radius=&#8221;none&#8221; column_link_target=&#8221;_self&#8221; width=&#8221;1\/1&#8243; tablet_width_inherit=&#8221;default&#8221; column_border_width=&#8221;none&#8221; column_border_style=&#8221;solid&#8221; bg_image_animation=&#8221;fade-in&#8221; enable_animation=&#8221;true&#8221; animation=&#8221;fade-in-from-bottom&#8221; delay=&#8221;100&#8243;]\n<div class=\"wpcf7 no-js\" id=\"wpcf7-f17784-o1\" lang=\"es-ES\" dir=\"ltr\" data-wpcf7-id=\"17784\">\n<div class=\"screen-reader-response\"><p role=\"status\" aria-live=\"polite\" aria-atomic=\"true\"><\/p> <ul><\/ul><\/div>\n<form action=\"\/ca\/wp-json\/wp\/v2\/pages\/17669#wpcf7-f17784-o1\" method=\"post\" class=\"wpcf7-form init\" aria-label=\"Contact form\" enctype=\"multipart\/form-data\" novalidate=\"novalidate\" data-status=\"init\">\n<fieldset class=\"hidden-fields-container\"><input type=\"hidden\" name=\"_wpcf7\" value=\"17784\" \/><input type=\"hidden\" name=\"_wpcf7_version\" value=\"6.1\" \/><input type=\"hidden\" name=\"_wpcf7_locale\" value=\"es_ES\" \/><input type=\"hidden\" name=\"_wpcf7_unit_tag\" value=\"wpcf7-f17784-o1\" \/><input type=\"hidden\" name=\"_wpcf7_container_post\" value=\"0\" \/><input type=\"hidden\" name=\"_wpcf7_posted_data_hash\" value=\"\" \/><input type=\"hidden\" name=\"_wpcf7_recaptcha_response\" value=\"\" \/>\n<\/fieldset>\n<div>\n\t<h2>Envia'ns el teu CV:\n\t<\/h2>\n\t<p><span class=\"wpcf7-form-control-wrap\" data-name=\"Name\"><input size=\"40\" maxlength=\"400\" class=\"wpcf7-form-control wpcf7-text wpcf7-validates-as-required\" aria-required=\"true\" aria-invalid=\"false\" placeholder=\"Nom*\" value=\"\" type=\"text\" name=\"Name\" \/><\/span>\n\t<\/p>\n\t<p><span class=\"wpcf7-form-control-wrap\" data-name=\"Surn\"><input size=\"40\" maxlength=\"400\" class=\"wpcf7-form-control wpcf7-text wpcf7-validates-as-required\" aria-required=\"true\" aria-invalid=\"false\" placeholder=\"Cognoms*\" value=\"\" type=\"text\" name=\"Surn\" \/><\/span>\n\t<\/p>\n\t<p><span class=\"wpcf7-form-control-wrap\" data-name=\"Tel\"><input size=\"40\" maxlength=\"400\" class=\"wpcf7-form-control wpcf7-tel wpcf7-validates-as-required wpcf7-text wpcf7-validates-as-tel\" aria-required=\"true\" aria-invalid=\"false\" placeholder=\"Tel\u00e8fon*\" value=\"\" type=\"tel\" name=\"Tel\" \/><\/span>\n\t<\/p>\n\t<p><span class=\"wpcf7-form-control-wrap\" data-name=\"Email\"><input size=\"40\" maxlength=\"400\" class=\"wpcf7-form-control wpcf7-email wpcf7-validates-as-required wpcf7-text wpcf7-validates-as-email\" aria-required=\"true\" aria-invalid=\"false\" placeholder=\"Correu electr\u00f2nic*\" value=\"\" type=\"email\" name=\"Email\" \/><\/span>\n\t<\/p>\n\t<p><span class=\"wpcf7-form-control-wrap\" data-name=\"Candidatura\"><input size=\"40\" maxlength=\"400\" class=\"wpcf7-form-control wpcf7-text wpcf7-validates-as-required\" aria-required=\"true\" aria-invalid=\"false\" placeholder=\"Candidatura*\" value=\"\" type=\"text\" name=\"Candidatura\" \/><\/span>\n\t<\/p>\n\t<p>* Tots els camps s\u00f3n obligatoris.\n\t<\/p>\n\t<p><span class=\"wpcf7-form-control-wrap\" data-name=\"file-8000\"><input size=\"40\" class=\"wpcf7-form-control wpcf7-file\" accept=\".pdf,.doc,.docx,.png,.jpg,.jpeg\" aria-invalid=\"false\" type=\"file\" name=\"file-8000\" \/><\/span>\n\t<\/p>\n\t<div class=\"squaredThree accepttext accentralita\">\n\t\t<p><span class=\"wpcf7-form-control-wrap\" data-name=\"accept-this-1\"><span class=\"wpcf7-form-control wpcf7-acceptance\"><span class=\"wpcf7-list-item\"><label><input type=\"checkbox\" name=\"accept-this-1\" value=\"1\" id=\"accept1\" aria-invalid=\"false\" \/><span class=\"wpcf7-list-item-label\"><label class=\"check\" for=\"accept1\"><\/label> Accepto participar en la selecci\u00f3 de candidats per a l'oferta de feina de les empreses de Gamma o els seus canals de distribuci\u00f3. El responsable del tractament ser\u00e0 Gamma Operadora de Comunicaciones S.A.U. i podr\u00e0 cedir les dades a la resta d'empreses vinculades del grup Gamma nom\u00e9s per a aquests processos de selecci\u00f3. Les dades es conservaran durant 2 anys. Mitjan\u00e7ant escrit a proteccion.datos@gammacom.es es podran exercir els corresponents drets i per a m\u00e9s informaci\u00f3 accedeixi a la nostra <a href=\"https:\/\/www.gammacom.es\/politica-de-privacidad-Gamma\/\" target=\"_blank\" rel=\"noopener\"> Pol\u00edtica de Privacitat<\/a>.<\/span><\/label><\/span><\/span><\/span>\n\t\t<\/p>\n\t<\/div>\n<\/div>\n<style>\n.accentralita span.wpcf7-list-item {\n font-size: 10px;\n line-height: 12px;\ncolor: #9E9E9E;\n}\n<\/style>\n<p><input class=\"wpcf7-form-control wpcf7-submit has-spinner\" type=\"submit\" value=\"Enviar\" \/>\n<\/p><p style=\"display: none !important;\" class=\"akismet-fields-container\" data-prefix=\"_wpcf7_ak_\"><label>&#916;<textarea name=\"_wpcf7_ak_hp_textarea\" cols=\"45\" rows=\"8\" maxlength=\"100\"><\/textarea><\/label><input type=\"hidden\" id=\"ak_js_1\" name=\"_wpcf7_ak_js\" value=\"94\"\/><script>document.getElementById( \"ak_js_1\" ).setAttribute( \"value\", ( new Date() ).getTime() );<\/script><\/p><input type='hidden' class='wpcf7-pum' value='{\"closepopup\":false,\"closedelay\":0,\"openpopup\":false,\"openpopup_id\":0}' \/><div class=\"wpcf7-response-output\" aria-hidden=\"true\"><\/div>\n<\/form>\n<\/div>\n[\/vc_column_inner][\/vc_row_inner][\/vc_column][\/vc_row]\n","protected":false},"excerpt":{"rendered":"<p>[vc_row type=&#8221;full_width_background&#8221; full_screen_row_position=&#8221;middle&#8221; bg_color=&#8221;#ffffff&#8221; scene_position=&#8221;center&#8221; text_color=&#8221;light&#8221; text_align=&#8221;left&#8221; top_padding=&#8221;3%&#8221; bottom_padding=&#8221;2%&#8221; overlay_strength=&#8221;0.3&#8243; shape_divider_position=&#8221;bottom&#8221; bg_image_animation=&#8221;none&#8221; shape_type=&#8221;&#8221;][vc_column column_padding=&#8221;no-extra-padding&#8221; column_padding_position=&#8221;all&#8221; background_color_opacity=&#8221;1&#8243; background_hover_color_opacity=&#8221;1&#8243; column_link_target=&#8221;_self&#8221; column_shadow=&#8221;none&#8221; column_border_radius=&#8221;none&#8221; el_class=&#8221;rel=&#8220;stylesheet&#8220; href=&#8220;https:\/\/use.typekit.net\/wro5tma.css&#8220;&#8221; width=&#8221;1\/1&#8243; tablet_width_inherit=&#8221;default&#8221; tablet_text_alignment=&#8221;default&#8221; phone_text_alignment=&#8221;default&#8221; column_border_width=&#8221;none&#8221; column_border_style=&#8221;solid&#8221; bg_image_animation=&#8221;none&#8221;][vc_row_inner equal_height=&#8221;yes&#8221;&#8230;<\/p>\n","protected":false},"author":2,"featured_media":0,"parent":0,"menu_order":0,"comment_status":"closed","ping_status":"closed","template":"","meta":{"footnotes":""},"class_list":["post-17669","page","type-page","status-publish"],"yoast_head":"<!-- This site is optimized with the Yoast SEO plugin v26.1 - https:\/\/yoast.com\/wordpress\/plugins\/seo\/ -->\n<title>Treballa amb nosaltres - Gamma<\/title>\n<meta name=\"robots\" content=\"index, follow, max-snippet:-1, max-image-preview:large, max-video-preview:-1\" \/>\n<link rel=\"canonical\" href=\"https:\/\/www.gammacom.es\/ca\/treballa-amb-nosaltres\/\" \/>\n<meta property=\"og:locale\" content=\"ca_ES\" \/>\n<meta property=\"og:type\" content=\"article\" \/>\n<meta property=\"og:title\" content=\"Treballa amb nosaltres - Gamma\" \/>\n<meta property=\"og:description\" content=\"[vc_row type=&#8221;full_width_background&#8221; full_screen_row_position=&#8221;middle&#8221; bg_color=&#8221;#ffffff&#8221; scene_position=&#8221;center&#8221; text_color=&#8221;light&#8221; text_align=&#8221;left&#8221; top_padding=&#8221;3%&#8221; bottom_padding=&#8221;2%&#8221; overlay_strength=&#8221;0.3&#8243; shape_divider_position=&#8221;bottom&#8221; bg_image_animation=&#8221;none&#8221; shape_type=&#8221;&#8221;][vc_column column_padding=&#8221;no-extra-padding&#8221; column_padding_position=&#8221;all&#8221; background_color_opacity=&#8221;1&#8243; background_hover_color_opacity=&#8221;1&#8243; column_link_target=&#8221;_self&#8221; column_shadow=&#8221;none&#8221; column_border_radius=&#8221;none&#8221; el_class=&#8221;rel=&#8220;stylesheet&#8220; href=&#8220;https:\/\/use.typekit.net\/wro5tma.css&#8220;&#8221; width=&#8221;1\/1&#8243; tablet_width_inherit=&#8221;default&#8221; tablet_text_alignment=&#8221;default&#8221; phone_text_alignment=&#8221;default&#8221; column_border_width=&#8221;none&#8221; column_border_style=&#8221;solid&#8221; bg_image_animation=&#8221;none&#8221;][vc_row_inner equal_height=&#8221;yes&#8221;...\" \/>\n<meta property=\"og:url\" content=\"https:\/\/www.gammacom.es\/ca\/treballa-amb-nosaltres\/\" \/>\n<meta property=\"og:site_name\" content=\"Gamma\" \/>\n<meta property=\"article:publisher\" content=\"https:\/\/www.facebook.com\/gammacom.es\" \/>\n<meta property=\"article:modified_time\" content=\"2022-11-07T10:14:09+00:00\" \/>\n<meta name=\"twitter:card\" content=\"summary_large_image\" \/>\n<meta name=\"twitter:site\" content=\"@gammacom_es\" \/>\n<meta name=\"twitter:label1\" content=\"Est. reading time\" \/>\n\t<meta name=\"twitter:data1\" content=\"3 minutes\" \/>\n<script type=\"application\/ld+json\" class=\"yoast-schema-graph\">{\"@context\":\"https:\/\/schema.org\",\"@graph\":[{\"@type\":\"WebPage\",\"@id\":\"https:\/\/www.gammacom.es\/ca\/treballa-amb-nosaltres\/\",\"url\":\"https:\/\/www.gammacom.es\/ca\/treballa-amb-nosaltres\/\",\"name\":\"Treballa amb nosaltres - Gamma\",\"isPartOf\":{\"@id\":\"https:\/\/www.gammacom.es\/#website\"},\"datePublished\":\"2022-08-04T15:43:06+00:00\",\"dateModified\":\"2022-11-07T10:14:09+00:00\",\"breadcrumb\":{\"@id\":\"https:\/\/www.gammacom.es\/ca\/treballa-amb-nosaltres\/#breadcrumb\"},\"inLanguage\":\"ca\",\"potentialAction\":[{\"@type\":\"ReadAction\",\"target\":[\"https:\/\/www.gammacom.es\/ca\/treballa-amb-nosaltres\/\"]}]},{\"@type\":\"BreadcrumbList\",\"@id\":\"https:\/\/www.gammacom.es\/ca\/treballa-amb-nosaltres\/#breadcrumb\",\"itemListElement\":[{\"@type\":\"ListItem\",\"position\":1,\"name\":\"Portada\",\"item\":\"https:\/\/www.gammacom.es\/ca\/\"},{\"@type\":\"ListItem\",\"position\":2,\"name\":\"Treballa amb nosaltres\"}]},{\"@type\":\"WebSite\",\"@id\":\"https:\/\/www.gammacom.es\/#website\",\"url\":\"https:\/\/www.gammacom.es\/\",\"name\":\"Gamma\",\"description\":\"L&#039;operador de comunicacions per a empreses\",\"publisher\":{\"@id\":\"https:\/\/www.gammacom.es\/#organization\"},\"potentialAction\":[{\"@type\":\"SearchAction\",\"target\":{\"@type\":\"EntryPoint\",\"urlTemplate\":\"https:\/\/www.gammacom.es\/?s={search_term_string}\"},\"query-input\":{\"@type\":\"PropertyValueSpecification\",\"valueRequired\":true,\"valueName\":\"search_term_string\"}}],\"inLanguage\":\"ca\"},{\"@type\":\"Organization\",\"@id\":\"https:\/\/www.gammacom.es\/#organization\",\"name\":\"Gamma\",\"url\":\"https:\/\/www.gammacom.es\/\",\"logo\":{\"@type\":\"ImageObject\",\"inLanguage\":\"ca\",\"@id\":\"https:\/\/www.gammacom.es\/#\/schema\/logo\/image\/\",\"url\":\"https:\/\/www.gammacom.es\/wp-content\/uploads\/2023\/06\/gamma-mobile-collaborate.jpg\",\"contentUrl\":\"https:\/\/www.gammacom.es\/wp-content\/uploads\/2023\/06\/gamma-mobile-collaborate.jpg\",\"width\":696,\"height\":696,\"caption\":\"Gamma\"},\"image\":{\"@id\":\"https:\/\/www.gammacom.es\/#\/schema\/logo\/image\/\"},\"sameAs\":[\"https:\/\/www.facebook.com\/gammacom.es\",\"https:\/\/x.com\/gammacom_es\"]}]}<\/script>\n<!-- \/ Yoast SEO plugin. -->","yoast_head_json":{"title":"Treballa amb nosaltres - Gamma","robots":{"index":"index","follow":"follow","max-snippet":"max-snippet:-1","max-image-preview":"max-image-preview:large","max-video-preview":"max-video-preview:-1"},"canonical":"https:\/\/www.gammacom.es\/ca\/treballa-amb-nosaltres\/","og_locale":"ca_ES","og_type":"article","og_title":"Treballa amb nosaltres - Gamma","og_description":"[vc_row type=&#8221;full_width_background&#8221; full_screen_row_position=&#8221;middle&#8221; bg_color=&#8221;#ffffff&#8221; scene_position=&#8221;center&#8221; text_color=&#8221;light&#8221; text_align=&#8221;left&#8221; top_padding=&#8221;3%&#8221; bottom_padding=&#8221;2%&#8221; overlay_strength=&#8221;0.3&#8243; shape_divider_position=&#8221;bottom&#8221; bg_image_animation=&#8221;none&#8221; shape_type=&#8221;&#8221;][vc_column column_padding=&#8221;no-extra-padding&#8221; column_padding_position=&#8221;all&#8221; background_color_opacity=&#8221;1&#8243; background_hover_color_opacity=&#8221;1&#8243; column_link_target=&#8221;_self&#8221; column_shadow=&#8221;none&#8221; column_border_radius=&#8221;none&#8221; el_class=&#8221;rel=&#8220;stylesheet&#8220; href=&#8220;https:\/\/use.typekit.net\/wro5tma.css&#8220;&#8221; width=&#8221;1\/1&#8243; tablet_width_inherit=&#8221;default&#8221; tablet_text_alignment=&#8221;default&#8221; phone_text_alignment=&#8221;default&#8221; column_border_width=&#8221;none&#8221; column_border_style=&#8221;solid&#8221; bg_image_animation=&#8221;none&#8221;][vc_row_inner equal_height=&#8221;yes&#8221;...","og_url":"https:\/\/www.gammacom.es\/ca\/treballa-amb-nosaltres\/","og_site_name":"Gamma","article_publisher":"https:\/\/www.facebook.com\/gammacom.es","article_modified_time":"2022-11-07T10:14:09+00:00","twitter_card":"summary_large_image","twitter_site":"@gammacom_es","twitter_misc":{"Est. reading time":"3 minutes"},"schema":{"@context":"https:\/\/schema.org","@graph":[{"@type":"WebPage","@id":"https:\/\/www.gammacom.es\/ca\/treballa-amb-nosaltres\/","url":"https:\/\/www.gammacom.es\/ca\/treballa-amb-nosaltres\/","name":"Treballa amb nosaltres - Gamma","isPartOf":{"@id":"https:\/\/www.gammacom.es\/#website"},"datePublished":"2022-08-04T15:43:06+00:00","dateModified":"2022-11-07T10:14:09+00:00","breadcrumb":{"@id":"https:\/\/www.gammacom.es\/ca\/treballa-amb-nosaltres\/#breadcrumb"},"inLanguage":"ca","potentialAction":[{"@type":"ReadAction","target":["https:\/\/www.gammacom.es\/ca\/treballa-amb-nosaltres\/"]}]},{"@type":"BreadcrumbList","@id":"https:\/\/www.gammacom.es\/ca\/treballa-amb-nosaltres\/#breadcrumb","itemListElement":[{"@type":"ListItem","position":1,"name":"Portada","item":"https:\/\/www.gammacom.es\/ca\/"},{"@type":"ListItem","position":2,"name":"Treballa amb nosaltres"}]},{"@type":"WebSite","@id":"https:\/\/www.gammacom.es\/#website","url":"https:\/\/www.gammacom.es\/","name":"Gamma","description":"L&#039;operador de comunicacions per a empreses","publisher":{"@id":"https:\/\/www.gammacom.es\/#organization"},"potentialAction":[{"@type":"SearchAction","target":{"@type":"EntryPoint","urlTemplate":"https:\/\/www.gammacom.es\/?s={search_term_string}"},"query-input":{"@type":"PropertyValueSpecification","valueRequired":true,"valueName":"search_term_string"}}],"inLanguage":"ca"},{"@type":"Organization","@id":"https:\/\/www.gammacom.es\/#organization","name":"Gamma","url":"https:\/\/www.gammacom.es\/","logo":{"@type":"ImageObject","inLanguage":"ca","@id":"https:\/\/www.gammacom.es\/#\/schema\/logo\/image\/","url":"https:\/\/www.gammacom.es\/wp-content\/uploads\/2023\/06\/gamma-mobile-collaborate.jpg","contentUrl":"https:\/\/www.gammacom.es\/wp-content\/uploads\/2023\/06\/gamma-mobile-collaborate.jpg","width":696,"height":696,"caption":"Gamma"},"image":{"@id":"https:\/\/www.gammacom.es\/#\/schema\/logo\/image\/"},"sameAs":["https:\/\/www.facebook.com\/gammacom.es","https:\/\/x.com\/gammacom_es"]}]}},"_links":{"self":[{"href":"https:\/\/www.gammacom.es\/ca\/wp-json\/wp\/v2\/pages\/17669","targetHints":{"allow":["GET"]}}],"collection":[{"href":"https:\/\/www.gammacom.es\/ca\/wp-json\/wp\/v2\/pages"}],"about":[{"href":"https:\/\/www.gammacom.es\/ca\/wp-json\/wp\/v2\/types\/page"}],"author":[{"embeddable":true,"href":"https:\/\/www.gammacom.es\/ca\/wp-json\/wp\/v2\/users\/2"}],"replies":[{"embeddable":true,"href":"https:\/\/www.gammacom.es\/ca\/wp-json\/wp\/v2\/comments?post=17669"}],"version-history":[{"count":0,"href":"https:\/\/www.gammacom.es\/ca\/wp-json\/wp\/v2\/pages\/17669\/revisions"}],"wp:attachment":[{"href":"https:\/\/www.gammacom.es\/ca\/wp-json\/wp\/v2\/media?parent=17669"}],"curies":[{"name":"wp","href":"https:\/\/api.w.org\/{rel}","templated":true}]}}